{"id":60,"date":"2025-02-12T17:53:22","date_gmt":"2025-02-12T16:53:22","guid":{"rendered":"https:\/\/aquafixrenovate.fr\/?page_id=60"},"modified":"2025-02-13T00:12:30","modified_gmt":"2025-02-12T23:12:30","slug":"contact","status":"publish","type":"page","link":"https:\/\/aquafixrenovate.fr\/index.php\/contact\/","title":{"rendered":"Contact"},"content":{"rendered":"\t\t<div data-elementor-type=\"wp-page\" data-elementor-id=\"60\" class=\"elementor elementor-60\">\n\t\t\t\t<div class=\"elementor-element elementor-element-333ef21 e-flex e-con-boxed e-con e-parent\" data-id=\"333ef21\" data-element_type=\"container\">\n\t\t\t\t\t<div class=\"e-con-inner\">\n\t\t\t\t<div class=\"elementor-element elementor-element-d967da5 elementor-widget elementor-widget-heading\" data-id=\"d967da5\" data-element_type=\"widget\" data-widget_type=\"heading.default\">\n\t\t\t\t<div class=\"elementor-widget-container\">\n\t\t\t\t\t<h2 class=\"elementor-heading-title elementor-size-default\">T\u00e9l\u00e9phone: 07 66 49 40 39<br><br>Email : contact@aquafixrenovate.fr<br><br>Ou gr\u00e2ce au formulaire ci-dessous <\/h2>\t\t\t\t<\/div>\n\t\t\t\t<\/div>\n\t\t<div class=\"elementor-element elementor-element-e4674ff e-con-full e-flex e-con e-child\" data-id=\"e4674ff\" data-element_type=\"container\">\n\t\t\t\t<div class=\"elementor-element elementor-element-6f3a1aa elementor-widget elementor-widget-formidable\" data-id=\"6f3a1aa\" data-element_type=\"widget\" data-widget_type=\"formidable.default\">\n\t\t\t\t<div class=\"elementor-widget-container\">\n\t\t\t\t\t<div class=\"frm_forms  with_frm_style frm_style_style-formidable\" id=\"frm_form_2_container\" data-token=\"6de90b2423b15efbb8bad0a516d3423b\">\n<form enctype=\"multipart\/form-data\" method=\"post\" class=\"frm-show-form \" id=\"form_contact\" data-token=\"6de90b2423b15efbb8bad0a516d3423b\">\n<div class=\"frm_form_fields \">\n<fieldset>\n<legend class=\"frm_screen_reader\">contact<\/legend>\r\n\r\n<div class=\"frm_fields_container\">\n<input type=\"hidden\" name=\"frm_action\" value=\"create\" \/>\n<input type=\"hidden\" name=\"form_id\" value=\"2\" \/>\n<input type=\"hidden\" name=\"frm_hide_fields_2\" id=\"frm_hide_fields_2\" value=\"\" \/>\n<input type=\"hidden\" name=\"form_key\" value=\"contact\" \/>\n<input type=\"hidden\" name=\"item_meta[0]\" value=\"\" \/>\n<input type=\"hidden\" id=\"frm_submit_entry_2\" name=\"frm_submit_entry_2\" value=\"3fa906b162\" \/><input type=\"hidden\" name=\"_wp_http_referer\" value=\"\/index.php\/wp-json\/wp\/v2\/pages\/60\" \/><div id=\"frm_field_7_container\" class=\"frm_form_field form-field  frm_required_field frm_top_container\">\r\n\t<label for=\"field_f90ko\" id=\"field_f90ko_label\" class=\"frm_primary_label\">Pr\u00e9nom\r\n\t\t<span class=\"frm_required\" aria-hidden=\"true\">*<\/span>\r\n\t<\/label>\r\n\t<input type=\"text\" id=\"field_f90ko\" name=\"item_meta[7]\" value=\"\"  data-reqmsg=\"Pr\u00e9nom ne peut pas \u00eatre vide.\" aria-required=\"true\" data-invmsg=\"Pr\u00e9nom est non valide\" aria-invalid=\"false\"  \/>\r\n\t\r\n\t\r\n<\/div>\n<div id=\"frm_field_8_container\" class=\"frm_form_field form-field  frm_required_field frm_top_container\">\r\n\t<label for=\"field_11pnp\" id=\"field_11pnp_label\" class=\"frm_primary_label\">Email\r\n\t\t<span class=\"frm_required\" aria-hidden=\"true\">*<\/span>\r\n\t<\/label>\r\n\t<input type=\"text\" id=\"field_11pnp\" name=\"item_meta[8]\" value=\"\"  data-reqmsg=\"Email ne peut pas \u00eatre vide.\" aria-required=\"true\" data-invmsg=\"Email est non valide\" aria-invalid=\"false\"  \/>\r\n\t\r\n\t\r\n<\/div>\n<div id=\"frm_field_12_container\" class=\"frm_form_field form-field  frm_required_field frm_top_container\">\r\n\t<label for=\"field_baqah\" id=\"field_baqah_label\" class=\"frm_primary_label\">Sujet\r\n\t\t<span class=\"frm_required\" aria-hidden=\"true\">*<\/span>\r\n\t<\/label>\r\n\t<input type=\"text\" id=\"field_baqah\" name=\"item_meta[12]\" value=\"\"  data-reqmsg=\"Sujet ne peut pas \u00eatre vide.\" aria-required=\"true\" data-invmsg=\"Sujet est non valide\" aria-invalid=\"false\"  \/>\r\n\t\r\n\t\r\n<\/div>\n<div id=\"frm_field_10_container\" class=\"frm_form_field form-field  frm_top_container\">\r\n\t<label for=\"field_e8ofm\" id=\"field_e8ofm_label\" class=\"frm_primary_label\">Paragraphe\r\n\t\t<span class=\"frm_required\" aria-hidden=\"true\"><\/span>\r\n\t<\/label>\r\n\t<textarea name=\"item_meta[10]\" id=\"field_e8ofm\" rows=\"5\"  data-invmsg=\"Paragraphe is invalid\" aria-invalid=\"false\"  ><\/textarea>\r\n\t\r\n\t\r\n<\/div>\n<div id=\"frm_field_6_container\" class=\"frm_form_field form-field  frm12 frm_first\">\r\n\t<div class=\"frm_submit frm_flex\">\r\n<button class=\"frm_button_submit\" type=\"submit\"  >Envoyer<\/button>\r\n\r\n\r\n\r\n<\/div>\r\n<\/div>\n\t<input type=\"hidden\" name=\"item_key\" value=\"\" \/>\n\t\t\t<div id=\"frm_field_13_container\">\n\t\t\t<label for=\"field_64v06\" >\n\t\t\t\tIf you are human, leave this field blank.\t\t\t<\/label>\n\t\t\t<input  id=\"field_64v06\" type=\"text\" class=\"frm_form_field form-field frm_verify\" name=\"item_meta[13]\" value=\"\"  \/>\n\t\t<\/div>\n\t\t<input name=\"frm_state\" type=\"hidden\" value=\"gnRZxEosgchnuS8eVHRnK8EaeuggAmt4CP+Z5UXq\/04=\" \/><\/div>\n<\/fieldset>\n<\/div>\n\n<\/form>\n<\/div>\n\t\t\t\t<\/div>\n\t\t\t\t<\/div>\n\t\t\t\t<\/div>\n\t\t\t\t\t<\/div>\n\t\t\t\t<\/div>\n\t\t\t\t<\/div>\n\t\t","protected":false},"excerpt":{"rendered":"<p>T\u00e9l\u00e9phone: 07 66 49 40 39 Email : contact@aquafixrenovate.fr Ou gr\u00e2ce au formulaire ci-dessous contact Pr\u00e9nom * Email * Sujet * Paragraphe Envoyer Si vous \u00eates un humain, ne remplissez pas ce champ.<\/p>\n","protected":false},"author":1,"featured_media":0,"parent":0,"menu_order":0,"comment_status":"closed","ping_status":"closed","template":"","meta":{"footnotes":""},"class_list":["post-60","page","type-page","status-publish","hentry","entry"],"yoast_head":"<!-- This site is optimized with the Yoast SEO plugin v25.3 - https:\/\/yoast.com\/wordpress\/plugins\/seo\/ -->\n<title>Contact - aquafixrenovate.fr<\/title>\n<meta name=\"robots\" content=\"index, follow, max-snippet:-1, max-image-preview:large, max-video-preview:-1\" \/>\n<link rel=\"canonical\" href=\"https:\/\/aquafixrenovate.fr\/index.php\/contact\/\" \/>\n<meta property=\"og:locale\" content=\"en_US\" \/>\n<meta property=\"og:type\" content=\"article\" \/>\n<meta property=\"og:title\" content=\"Contact - aquafixrenovate.fr\" \/>\n<meta property=\"og:description\" content=\"T\u00e9l\u00e9phone: 07 66 49 40 39 Email : contact@aquafixrenovate.fr Ou gr\u00e2ce au formulaire ci-dessous contact Pr\u00e9nom * Email * Sujet * Paragraphe Envoyer Si vous \u00eates un humain, ne remplissez pas ce champ.\" \/>\n<meta property=\"og:url\" content=\"https:\/\/aquafixrenovate.fr\/index.php\/contact\/\" \/>\n<meta property=\"og:site_name\" content=\"aquafixrenovate.fr\" \/>\n<meta property=\"article:modified_time\" content=\"2025-02-12T23:12:30+00:00\" \/>\n<meta name=\"twitter:card\" content=\"summary_large_image\" \/>\n<meta name=\"twitter:label1\" content=\"Est. reading time\" \/>\n\t<meta name=\"twitter:data1\" content=\"1 minute\" \/>\n<script type=\"application\/ld+json\" class=\"yoast-schema-graph\">{\"@context\":\"https:\/\/schema.org\",\"@graph\":[{\"@type\":\"WebPage\",\"@id\":\"https:\/\/aquafixrenovate.fr\/index.php\/contact\/\",\"url\":\"https:\/\/aquafixrenovate.fr\/index.php\/contact\/\",\"name\":\"Contact - aquafixrenovate.fr\",\"isPartOf\":{\"@id\":\"https:\/\/aquafixrenovate.fr\/#website\"},\"datePublished\":\"2025-02-12T16:53:22+00:00\",\"dateModified\":\"2025-02-12T23:12:30+00:00\",\"breadcrumb\":{\"@id\":\"https:\/\/aquafixrenovate.fr\/index.php\/contact\/#breadcrumb\"},\"inLanguage\":\"en-US\",\"potentialAction\":[{\"@type\":\"ReadAction\",\"target\":[\"https:\/\/aquafixrenovate.fr\/index.php\/contact\/\"]}]},{\"@type\":\"BreadcrumbList\",\"@id\":\"https:\/\/aquafixrenovate.fr\/index.php\/contact\/#breadcrumb\",\"itemListElement\":[{\"@type\":\"ListItem\",\"position\":1,\"name\":\"Accueil\",\"item\":\"https:\/\/aquafixrenovate.fr\/\"},{\"@type\":\"ListItem\",\"position\":2,\"name\":\"Contact\"}]},{\"@type\":\"WebSite\",\"@id\":\"https:\/\/aquafixrenovate.fr\/#website\",\"url\":\"https:\/\/aquafixrenovate.fr\/\",\"name\":\"aquafixrenovate.fr\",\"description\":\" Donnez une seconde vie \u00e0 votre piscine!\",\"publisher\":{\"@id\":\"https:\/\/aquafixrenovate.fr\/#organization\"},\"potentialAction\":[{\"@type\":\"SearchAction\",\"target\":{\"@type\":\"EntryPoint\",\"urlTemplate\":\"https:\/\/aquafixrenovate.fr\/?s={search_term_string}\"},\"query-input\":{\"@type\":\"PropertyValueSpecification\",\"valueRequired\":true,\"valueName\":\"search_term_string\"}}],\"inLanguage\":\"en-US\"},{\"@type\":\"Organization\",\"@id\":\"https:\/\/aquafixrenovate.fr\/#organization\",\"name\":\"aquafixrenovate.fr\",\"url\":\"https:\/\/aquafixrenovate.fr\/\",\"logo\":{\"@type\":\"ImageObject\",\"inLanguage\":\"en-US\",\"@id\":\"https:\/\/aquafixrenovate.fr\/#\/schema\/logo\/image\/\",\"url\":\"https:\/\/aquafixrenovate.fr\/wp-content\/uploads\/2025\/02\/cropped-AQUAFIX-color.png\",\"contentUrl\":\"https:\/\/aquafixrenovate.fr\/wp-content\/uploads\/2025\/02\/cropped-AQUAFIX-color.png\",\"width\":283,\"height\":283,\"caption\":\"aquafixrenovate.fr\"},\"image\":{\"@id\":\"https:\/\/aquafixrenovate.fr\/#\/schema\/logo\/image\/\"}}]}<\/script>\n<!-- \/ Yoast SEO plugin. -->","yoast_head_json":{"title":"Contact - aquafixrenovate.fr","robots":{"index":"index","follow":"follow","max-snippet":"max-snippet:-1","max-image-preview":"max-image-preview:large","max-video-preview":"max-video-preview:-1"},"canonical":"https:\/\/aquafixrenovate.fr\/index.php\/contact\/","og_locale":"en_US","og_type":"article","og_title":"Contact - aquafixrenovate.fr","og_description":"T\u00e9l\u00e9phone: 07 66 49 40 39 Email : contact@aquafixrenovate.fr Ou gr\u00e2ce au formulaire ci-dessous contact Pr\u00e9nom * Email * Sujet * Paragraphe Envoyer Si vous \u00eates un humain, ne remplissez pas ce champ.","og_url":"https:\/\/aquafixrenovate.fr\/index.php\/contact\/","og_site_name":"aquafixrenovate.fr","article_modified_time":"2025-02-12T23:12:30+00:00","twitter_card":"summary_large_image","twitter_misc":{"Est. reading time":"1 minute"},"schema":{"@context":"https:\/\/schema.org","@graph":[{"@type":"WebPage","@id":"https:\/\/aquafixrenovate.fr\/index.php\/contact\/","url":"https:\/\/aquafixrenovate.fr\/index.php\/contact\/","name":"Contact - aquafixrenovate.fr","isPartOf":{"@id":"https:\/\/aquafixrenovate.fr\/#website"},"datePublished":"2025-02-12T16:53:22+00:00","dateModified":"2025-02-12T23:12:30+00:00","breadcrumb":{"@id":"https:\/\/aquafixrenovate.fr\/index.php\/contact\/#breadcrumb"},"inLanguage":"en-US","potentialAction":[{"@type":"ReadAction","target":["https:\/\/aquafixrenovate.fr\/index.php\/contact\/"]}]},{"@type":"BreadcrumbList","@id":"https:\/\/aquafixrenovate.fr\/index.php\/contact\/#breadcrumb","itemListElement":[{"@type":"ListItem","position":1,"name":"Accueil","item":"https:\/\/aquafixrenovate.fr\/"},{"@type":"ListItem","position":2,"name":"Contact"}]},{"@type":"WebSite","@id":"https:\/\/aquafixrenovate.fr\/#website","url":"https:\/\/aquafixrenovate.fr\/","name":"aquafixrenovate.fr","description":" Donnez une seconde vie \u00e0 votre piscine!","publisher":{"@id":"https:\/\/aquafixrenovate.fr\/#organization"},"potentialAction":[{"@type":"SearchAction","target":{"@type":"EntryPoint","urlTemplate":"https:\/\/aquafixrenovate.fr\/?s={search_term_string}"},"query-input":{"@type":"PropertyValueSpecification","valueRequired":true,"valueName":"search_term_string"}}],"inLanguage":"en-US"},{"@type":"Organization","@id":"https:\/\/aquafixrenovate.fr\/#organization","name":"aquafixrenovate.fr","url":"https:\/\/aquafixrenovate.fr\/","logo":{"@type":"ImageObject","inLanguage":"en-US","@id":"https:\/\/aquafixrenovate.fr\/#\/schema\/logo\/image\/","url":"https:\/\/aquafixrenovate.fr\/wp-content\/uploads\/2025\/02\/cropped-AQUAFIX-color.png","contentUrl":"https:\/\/aquafixrenovate.fr\/wp-content\/uploads\/2025\/02\/cropped-AQUAFIX-color.png","width":283,"height":283,"caption":"aquafixrenovate.fr"},"image":{"@id":"https:\/\/aquafixrenovate.fr\/#\/schema\/logo\/image\/"}}]}},"_links":{"self":[{"href":"https:\/\/aquafixrenovate.fr\/index.php\/wp-json\/wp\/v2\/pages\/60","targetHints":{"allow":["GET"]}}],"collection":[{"href":"https:\/\/aquafixrenovate.fr\/index.php\/wp-json\/wp\/v2\/pages"}],"about":[{"href":"https:\/\/aquafixrenovate.fr\/index.php\/wp-json\/wp\/v2\/types\/page"}],"author":[{"embeddable":true,"href":"https:\/\/aquafixrenovate.fr\/index.php\/wp-json\/wp\/v2\/users\/1"}],"replies":[{"embeddable":true,"href":"https:\/\/aquafixrenovate.fr\/index.php\/wp-json\/wp\/v2\/comments?post=60"}],"version-history":[{"count":5,"href":"https:\/\/aquafixrenovate.fr\/index.php\/wp-json\/wp\/v2\/pages\/60\/revisions"}],"predecessor-version":[{"id":100,"href":"https:\/\/aquafixrenovate.fr\/index.php\/wp-json\/wp\/v2\/pages\/60\/revisions\/100"}],"wp:attachment":[{"href":"https:\/\/aquafixrenovate.fr\/index.php\/wp-json\/wp\/v2\/media?parent=60"}],"curies":[{"name":"wp","href":"https:\/\/api.w.org\/{rel}","templated":true}]}}