{"id":204,"date":"2025-02-21T22:31:46","date_gmt":"2025-02-21T21:31:46","guid":{"rendered":"https:\/\/aquafixrenovate.fr\/?page_id=204"},"modified":"2025-05-05T21:36:30","modified_gmt":"2025-05-05T19:36:30","slug":"vidanger-sa-piscine","status":"publish","type":"page","link":"https:\/\/aquafixrenovate.fr\/index.php\/vidanger-sa-piscine\/","title":{"rendered":"vidanger sa piscine"},"content":{"rendered":"\t\t<div data-elementor-type=\"wp-page\" data-elementor-id=\"204\" class=\"elementor elementor-204\">\n\t\t\t\t<div class=\"elementor-element elementor-element-ebda178 e-flex e-con-boxed e-con e-parent\" data-id=\"ebda178\" data-element_type=\"container\">\n\t\t\t\t\t<div class=\"e-con-inner\">\n\t\t\t\t<div class=\"elementor-element elementor-element-64f15a9 elementor-widget elementor-widget-image\" data-id=\"64f15a9\" data-element_type=\"widget\" data-widget_type=\"image.default\">\n\t\t\t\t<div class=\"elementor-widget-container\">\n\t\t\t\t\t\t\t\t\t\t\t\t\t\t\t<img fetchpriority=\"high\" decoding=\"async\" width=\"450\" height=\"332\" src=\"https:\/\/aquafixrenovate.fr\/wp-content\/uploads\/2025\/02\/piscine-coque.jpg\" class=\"attachment-large size-large wp-image-206\" alt=\"\" srcset=\"https:\/\/aquafixrenovate.fr\/wp-content\/uploads\/2025\/02\/piscine-coque.jpg 450w, https:\/\/aquafixrenovate.fr\/wp-content\/uploads\/2025\/02\/piscine-coque-300x221.jpg 300w\" sizes=\"(max-width: 450px) 100vw, 450px\" \/>\t\t\t\t\t\t\t\t\t\t\t\t\t\t\t<\/div>\n\t\t\t\t<\/div>\n\t\t\t\t\t<\/div>\n\t\t\t\t<\/div>\n\t\t<div class=\"elementor-element elementor-element-07dbd37 e-flex e-con-boxed e-con e-parent\" data-id=\"07dbd37\" data-element_type=\"container\">\n\t\t\t\t\t<div class=\"e-con-inner\">\n\t\t\t\t<div class=\"elementor-element elementor-element-975022c elementor-widget elementor-widget-text-editor\" data-id=\"975022c\" data-element_type=\"widget\" data-widget_type=\"text-editor.default\">\n\t\t\t\t<div class=\"elementor-widget-container\">\n\t\t\t\t\t\t\t\t\t<h1><span style=\"text-decoration: underline;\"><strong>Pourquoi il faut \u00e9viter de vidanger sa piscine ?<\/strong><\/span><\/h1><p><strong>Contrairement \u00e0 certaines id\u00e9es re\u00e7ues, la vidange d&#8217;une piscine r\u00e9guli\u00e8re n\u2019est pas n\u00e9cessaire pour son entretien. En effet, une piscine correctement entretenu , bien \u00e9quip\u00e9e, et r\u00e9guli\u00e8rement utilis\u00e9e peut se passer d\u2019une vidange annuelle et ce pendant plusieurs ann\u00e9es. La plupart des op\u00e9rations de nettoyage peuvent \u00eatre effectu\u00e9es sans qu\u2019il soit n\u00e9cessaire de vider le bassin, comme le nettoyage des filtres, le traitement chimique de l\u2019eau, ou encore le brossage des parois.<\/strong><\/p>\t\t\t\t\t\t\t\t<\/div>\n\t\t\t\t<\/div>\n\t\t\t\t\t<\/div>\n\t\t\t\t<\/div>\n\t\t\t\t<\/div>\n\t\t","protected":false},"excerpt":{"rendered":"<p>Pourquoi il faut \u00e9viter de vidanger sa piscine ? Contrairement \u00e0 certaines id\u00e9es re\u00e7ues, la vidange d&#8217;une piscine r\u00e9guli\u00e8re n\u2019est pas n\u00e9cessaire pour son entretien. En effet, une piscine correctement entretenu , bien \u00e9quip\u00e9e, et r\u00e9guli\u00e8rement utilis\u00e9e peut se passer d\u2019une vidange annuelle et ce pendant plusieurs ann\u00e9es. La plupart des op\u00e9rations de nettoyage peuvent [&hellip;]<\/p>\n","protected":false},"author":1,"featured_media":0,"parent":0,"menu_order":0,"comment_status":"closed","ping_status":"closed","template":"","meta":{"footnotes":""},"class_list":["post-204","page","type-page","status-publish","hentry","entry"],"yoast_head":"<!-- This site is optimized with the Yoast SEO plugin v25.3 - https:\/\/yoast.com\/wordpress\/plugins\/seo\/ -->\n<title>vidanger sa piscine - aquafixrenovate.fr<\/title>\n<meta name=\"robots\" content=\"index, follow, max-snippet:-1, max-image-preview:large, max-video-preview:-1\" \/>\n<link rel=\"canonical\" href=\"https:\/\/aquafixrenovate.fr\/index.php\/vidanger-sa-piscine\/\" \/>\n<meta property=\"og:locale\" content=\"en_US\" \/>\n<meta property=\"og:type\" content=\"article\" \/>\n<meta property=\"og:title\" content=\"vidanger sa piscine - aquafixrenovate.fr\" \/>\n<meta property=\"og:description\" content=\"Pourquoi il faut \u00e9viter de vidanger sa piscine ? Contrairement \u00e0 certaines id\u00e9es re\u00e7ues, la vidange d&#8217;une piscine r\u00e9guli\u00e8re n\u2019est pas n\u00e9cessaire pour son entretien. En effet, une piscine correctement entretenu , bien \u00e9quip\u00e9e, et r\u00e9guli\u00e8rement utilis\u00e9e peut se passer d\u2019une vidange annuelle et ce pendant plusieurs ann\u00e9es. La plupart des op\u00e9rations de nettoyage peuvent [&hellip;]\" \/>\n<meta property=\"og:url\" content=\"https:\/\/aquafixrenovate.fr\/index.php\/vidanger-sa-piscine\/\" \/>\n<meta property=\"og:site_name\" content=\"aquafixrenovate.fr\" \/>\n<meta property=\"article:modified_time\" content=\"2025-05-05T19:36:30+00:00\" \/>\n<meta property=\"og:image\" content=\"https:\/\/aquafixrenovate.fr\/wp-content\/uploads\/2025\/02\/piscine-coque.jpg\" \/>\n\t<meta property=\"og:image:width\" content=\"450\" \/>\n\t<meta property=\"og:image:height\" content=\"332\" \/>\n\t<meta property=\"og:image:type\" content=\"image\/jpeg\" \/>\n<meta name=\"twitter:card\" content=\"summary_large_image\" \/>\n<meta name=\"twitter:label1\" content=\"Est. reading time\" \/>\n\t<meta name=\"twitter:data1\" content=\"1 minute\" \/>\n<script type=\"application\/ld+json\" class=\"yoast-schema-graph\">{\"@context\":\"https:\/\/schema.org\",\"@graph\":[{\"@type\":\"WebPage\",\"@id\":\"https:\/\/aquafixrenovate.fr\/index.php\/vidanger-sa-piscine\/\",\"url\":\"https:\/\/aquafixrenovate.fr\/index.php\/vidanger-sa-piscine\/\",\"name\":\"vidanger sa piscine - aquafixrenovate.fr\",\"isPartOf\":{\"@id\":\"https:\/\/aquafixrenovate.fr\/#website\"},\"primaryImageOfPage\":{\"@id\":\"https:\/\/aquafixrenovate.fr\/index.php\/vidanger-sa-piscine\/#primaryimage\"},\"image\":{\"@id\":\"https:\/\/aquafixrenovate.fr\/index.php\/vidanger-sa-piscine\/#primaryimage\"},\"thumbnailUrl\":\"http:\/\/aquafixrenovate.fr\/wp-content\/uploads\/2025\/02\/piscine-coque.jpg\",\"datePublished\":\"2025-02-21T21:31:46+00:00\",\"dateModified\":\"2025-05-05T19:36:30+00:00\",\"breadcrumb\":{\"@id\":\"https:\/\/aquafixrenovate.fr\/index.php\/vidanger-sa-piscine\/#breadcrumb\"},\"inLanguage\":\"en-US\",\"potentialAction\":[{\"@type\":\"ReadAction\",\"target\":[\"https:\/\/aquafixrenovate.fr\/index.php\/vidanger-sa-piscine\/\"]}]},{\"@type\":\"ImageObject\",\"inLanguage\":\"en-US\",\"@id\":\"https:\/\/aquafixrenovate.fr\/index.php\/vidanger-sa-piscine\/#primaryimage\",\"url\":\"https:\/\/aquafixrenovate.fr\/wp-content\/uploads\/2025\/02\/piscine-coque.jpg\",\"contentUrl\":\"https:\/\/aquafixrenovate.fr\/wp-content\/uploads\/2025\/02\/piscine-coque.jpg\",\"width\":450,\"height\":332},{\"@type\":\"BreadcrumbList\",\"@id\":\"https:\/\/aquafixrenovate.fr\/index.php\/vidanger-sa-piscine\/#breadcrumb\",\"itemListElement\":[{\"@type\":\"ListItem\",\"position\":1,\"name\":\"Accueil\",\"item\":\"https:\/\/aquafixrenovate.fr\/\"},{\"@type\":\"ListItem\",\"position\":2,\"name\":\"vidanger sa piscine\"}]},{\"@type\":\"WebSite\",\"@id\":\"https:\/\/aquafixrenovate.fr\/#website\",\"url\":\"https:\/\/aquafixrenovate.fr\/\",\"name\":\"aquafixrenovate.fr\",\"description\":\" Donnez une seconde vie \u00e0 votre piscine!\",\"publisher\":{\"@id\":\"https:\/\/aquafixrenovate.fr\/#organization\"},\"potentialAction\":[{\"@type\":\"SearchAction\",\"target\":{\"@type\":\"EntryPoint\",\"urlTemplate\":\"https:\/\/aquafixrenovate.fr\/?s={search_term_string}\"},\"query-input\":{\"@type\":\"PropertyValueSpecification\",\"valueRequired\":true,\"valueName\":\"search_term_string\"}}],\"inLanguage\":\"en-US\"},{\"@type\":\"Organization\",\"@id\":\"https:\/\/aquafixrenovate.fr\/#organization\",\"name\":\"aquafixrenovate.fr\",\"url\":\"https:\/\/aquafixrenovate.fr\/\",\"logo\":{\"@type\":\"ImageObject\",\"inLanguage\":\"en-US\",\"@id\":\"https:\/\/aquafixrenovate.fr\/#\/schema\/logo\/image\/\",\"url\":\"https:\/\/aquafixrenovate.fr\/wp-content\/uploads\/2025\/02\/cropped-AQUAFIX-color.png\",\"contentUrl\":\"https:\/\/aquafixrenovate.fr\/wp-content\/uploads\/2025\/02\/cropped-AQUAFIX-color.png\",\"width\":283,\"height\":283,\"caption\":\"aquafixrenovate.fr\"},\"image\":{\"@id\":\"https:\/\/aquafixrenovate.fr\/#\/schema\/logo\/image\/\"}}]}<\/script>\n<!-- \/ Yoast SEO plugin. -->","yoast_head_json":{"title":"vidanger sa piscine - aquafixrenovate.fr","robots":{"index":"index","follow":"follow","max-snippet":"max-snippet:-1","max-image-preview":"max-image-preview:large","max-video-preview":"max-video-preview:-1"},"canonical":"https:\/\/aquafixrenovate.fr\/index.php\/vidanger-sa-piscine\/","og_locale":"en_US","og_type":"article","og_title":"vidanger sa piscine - aquafixrenovate.fr","og_description":"Pourquoi il faut \u00e9viter de vidanger sa piscine ? Contrairement \u00e0 certaines id\u00e9es re\u00e7ues, la vidange d&#8217;une piscine r\u00e9guli\u00e8re n\u2019est pas n\u00e9cessaire pour son entretien. En effet, une piscine correctement entretenu , bien \u00e9quip\u00e9e, et r\u00e9guli\u00e8rement utilis\u00e9e peut se passer d\u2019une vidange annuelle et ce pendant plusieurs ann\u00e9es. La plupart des op\u00e9rations de nettoyage peuvent [&hellip;]","og_url":"https:\/\/aquafixrenovate.fr\/index.php\/vidanger-sa-piscine\/","og_site_name":"aquafixrenovate.fr","article_modified_time":"2025-05-05T19:36:30+00:00","og_image":[{"width":450,"height":332,"url":"https:\/\/aquafixrenovate.fr\/wp-content\/uploads\/2025\/02\/piscine-coque.jpg","type":"image\/jpeg"}],"twitter_card":"summary_large_image","twitter_misc":{"Est. reading time":"1 minute"},"schema":{"@context":"https:\/\/schema.org","@graph":[{"@type":"WebPage","@id":"https:\/\/aquafixrenovate.fr\/index.php\/vidanger-sa-piscine\/","url":"https:\/\/aquafixrenovate.fr\/index.php\/vidanger-sa-piscine\/","name":"vidanger sa piscine - aquafixrenovate.fr","isPartOf":{"@id":"https:\/\/aquafixrenovate.fr\/#website"},"primaryImageOfPage":{"@id":"https:\/\/aquafixrenovate.fr\/index.php\/vidanger-sa-piscine\/#primaryimage"},"image":{"@id":"https:\/\/aquafixrenovate.fr\/index.php\/vidanger-sa-piscine\/#primaryimage"},"thumbnailUrl":"http:\/\/aquafixrenovate.fr\/wp-content\/uploads\/2025\/02\/piscine-coque.jpg","datePublished":"2025-02-21T21:31:46+00:00","dateModified":"2025-05-05T19:36:30+00:00","breadcrumb":{"@id":"https:\/\/aquafixrenovate.fr\/index.php\/vidanger-sa-piscine\/#breadcrumb"},"inLanguage":"en-US","potentialAction":[{"@type":"ReadAction","target":["https:\/\/aquafixrenovate.fr\/index.php\/vidanger-sa-piscine\/"]}]},{"@type":"ImageObject","inLanguage":"en-US","@id":"https:\/\/aquafixrenovate.fr\/index.php\/vidanger-sa-piscine\/#primaryimage","url":"https:\/\/aquafixrenovate.fr\/wp-content\/uploads\/2025\/02\/piscine-coque.jpg","contentUrl":"https:\/\/aquafixrenovate.fr\/wp-content\/uploads\/2025\/02\/piscine-coque.jpg","width":450,"height":332},{"@type":"BreadcrumbList","@id":"https:\/\/aquafixrenovate.fr\/index.php\/vidanger-sa-piscine\/#breadcrumb","itemListElement":[{"@type":"ListItem","position":1,"name":"Accueil","item":"https:\/\/aquafixrenovate.fr\/"},{"@type":"ListItem","position":2,"name":"vidanger sa piscine"}]},{"@type":"WebSite","@id":"https:\/\/aquafixrenovate.fr\/#website","url":"https:\/\/aquafixrenovate.fr\/","name":"aquafixrenovate.fr","description":" Donnez une seconde vie \u00e0 votre piscine!","publisher":{"@id":"https:\/\/aquafixrenovate.fr\/#organization"},"potentialAction":[{"@type":"SearchAction","target":{"@type":"EntryPoint","urlTemplate":"https:\/\/aquafixrenovate.fr\/?s={search_term_string}"},"query-input":{"@type":"PropertyValueSpecification","valueRequired":true,"valueName":"search_term_string"}}],"inLanguage":"en-US"},{"@type":"Organization","@id":"https:\/\/aquafixrenovate.fr\/#organization","name":"aquafixrenovate.fr","url":"https:\/\/aquafixrenovate.fr\/","logo":{"@type":"ImageObject","inLanguage":"en-US","@id":"https:\/\/aquafixrenovate.fr\/#\/schema\/logo\/image\/","url":"https:\/\/aquafixrenovate.fr\/wp-content\/uploads\/2025\/02\/cropped-AQUAFIX-color.png","contentUrl":"https:\/\/aquafixrenovate.fr\/wp-content\/uploads\/2025\/02\/cropped-AQUAFIX-color.png","width":283,"height":283,"caption":"aquafixrenovate.fr"},"image":{"@id":"https:\/\/aquafixrenovate.fr\/#\/schema\/logo\/image\/"}}]}},"_links":{"self":[{"href":"https:\/\/aquafixrenovate.fr\/index.php\/wp-json\/wp\/v2\/pages\/204","targetHints":{"allow":["GET"]}}],"collection":[{"href":"https:\/\/aquafixrenovate.fr\/index.php\/wp-json\/wp\/v2\/pages"}],"about":[{"href":"https:\/\/aquafixrenovate.fr\/index.php\/wp-json\/wp\/v2\/types\/page"}],"author":[{"embeddable":true,"href":"https:\/\/aquafixrenovate.fr\/index.php\/wp-json\/wp\/v2\/users\/1"}],"replies":[{"embeddable":true,"href":"https:\/\/aquafixrenovate.fr\/index.php\/wp-json\/wp\/v2\/comments?post=204"}],"version-history":[{"count":7,"href":"https:\/\/aquafixrenovate.fr\/index.php\/wp-json\/wp\/v2\/pages\/204\/revisions"}],"predecessor-version":[{"id":226,"href":"https:\/\/aquafixrenovate.fr\/index.php\/wp-json\/wp\/v2\/pages\/204\/revisions\/226"}],"wp:attachment":[{"href":"https:\/\/aquafixrenovate.fr\/index.php\/wp-json\/wp\/v2\/media?parent=204"}],"curies":[{"name":"wp","href":"https:\/\/api.w.org\/{rel}","templated":true}]}}