{"id":123,"date":"2025-02-13T19:37:02","date_gmt":"2025-02-13T18:37:02","guid":{"rendered":"https:\/\/aquafixrenovate.fr\/?page_id=123"},"modified":"2025-02-14T20:20:33","modified_gmt":"2025-02-14T19:20:33","slug":"accueil-2","status":"publish","type":"page","link":"https:\/\/aquafixrenovate.fr\/","title":{"rendered":"Accueil"},"content":{"rendered":"\t\t<div data-elementor-type=\"wp-page\" data-elementor-id=\"123\" class=\"elementor elementor-123\">\n\t\t\t\t<div class=\"elementor-element elementor-element-7d81122 e-flex e-con-boxed e-con e-parent\" data-id=\"7d81122\" data-element_type=\"container\">\n\t\t\t\t\t<div class=\"e-con-inner\">\n\t\t\t\t<div class=\"elementor-element elementor-element-bcd7a23 elementor-widget elementor-widget-heading\" data-id=\"bcd7a23\" data-element_type=\"widget\" data-widget_type=\"heading.default\">\n\t\t\t\t<div class=\"elementor-widget-container\">\n\t\t\t\t\t<h2 class=\"elementor-heading-title elementor-size-default\">AQUAFIX RENOVATE<\/h2>\t\t\t\t<\/div>\n\t\t\t\t<\/div>\n\t\t\t\t\t<\/div>\n\t\t\t\t<\/div>\n\t\t<div class=\"elementor-element elementor-element-8c82ba3 e-flex e-con-boxed e-con e-parent\" data-id=\"8c82ba3\" data-element_type=\"container\">\n\t\t\t\t\t<div class=\"e-con-inner\">\n\t\t\t\t<div class=\"elementor-element elementor-element-3a64826 elementor-widget elementor-widget-text-editor\" data-id=\"3a64826\" data-element_type=\"widget\" data-widget_type=\"text-editor.default\">\n\t\t\t\t<div class=\"elementor-widget-container\">\n\t\t\t\t\t\t\t\t\t<p>\u00a0Donnez une seconde vie \u00e0 votre piscine ! Aquafix Renovate vous propose ses services de R\u00e9paration \u2013 R\u00e9novation \u2013 Entretien. Plus de 10 ans d\u2019exp\u00e9rience.<\/p>\t\t\t\t\t\t\t\t<\/div>\n\t\t\t\t<\/div>\n\t\t\t\t\t<\/div>\n\t\t\t\t<\/div>\n\t\t<div class=\"elementor-element elementor-element-2ede349 e-flex e-con-boxed e-con e-parent\" data-id=\"2ede349\" data-element_type=\"container\">\n\t\t\t\t\t<div class=\"e-con-inner\">\n\t\t\t\t<div class=\"elementor-element elementor-element-2c15075 elementor-widget elementor-widget-image\" data-id=\"2c15075\" data-element_type=\"widget\" data-widget_type=\"image.default\">\n\t\t\t\t<div class=\"elementor-widget-container\">\n\t\t\t\t\t\t\t\t\t\t\t\t\t\t\t<img fetchpriority=\"high\" decoding=\"async\" width=\"1024\" height=\"576\" src=\"https:\/\/aquafixrenovate.fr\/wp-content\/uploads\/2025\/02\/f.jpg\" class=\"attachment-large size-large wp-image-69\" alt=\"\" srcset=\"https:\/\/aquafixrenovate.fr\/wp-content\/uploads\/2025\/02\/f.jpg 1024w, https:\/\/aquafixrenovate.fr\/wp-content\/uploads\/2025\/02\/f-300x169.jpg 300w, https:\/\/aquafixrenovate.fr\/wp-content\/uploads\/2025\/02\/f-768x432.jpg 768w, https:\/\/aquafixrenovate.fr\/wp-content\/uploads\/2025\/02\/f-800x450.jpg 800w\" sizes=\"(max-width: 1024px) 100vw, 1024px\" \/>\t\t\t\t\t\t\t\t\t\t\t\t\t\t\t<\/div>\n\t\t\t\t<\/div>\n\t\t\t\t\t<\/div>\n\t\t\t\t<\/div>\n\t\t<div class=\"elementor-element elementor-element-e1bf935 e-con-full e-flex e-con e-parent\" data-id=\"e1bf935\" data-element_type=\"container\">\n\t\t<div class=\"elementor-element elementor-element-e07a92a e-con-full e-flex e-con e-child\" data-id=\"e07a92a\" data-element_type=\"container\">\n\t\t\t\t<div class=\"elementor-element elementor-element-01c93e0 elementor-widget elementor-widget-heading\" data-id=\"01c93e0\" data-element_type=\"widget\" data-widget_type=\"heading.default\">\n\t\t\t\t<div class=\"elementor-widget-container\">\n\t\t\t\t\t<h2 class=\"elementor-heading-title elementor-size-default\">L'OSMOSE<\/h2>\t\t\t\t<\/div>\n\t\t\t\t<\/div>\n\t\t\t\t<div class=\"elementor-element elementor-element-7639f83 elementor-widget elementor-widget-image\" data-id=\"7639f83\" data-element_type=\"widget\" data-widget_type=\"image.default\">\n\t\t\t\t<div class=\"elementor-widget-container\">\n\t\t\t\t\t\t\t\t\t\t\t\t\t\t\t<img decoding=\"async\" width=\"800\" height=\"600\" src=\"https:\/\/aquafixrenovate.fr\/wp-content\/uploads\/2025\/02\/osmose-renovation-suisse.jpg\" class=\"attachment-large size-large wp-image-125\" alt=\"\" srcset=\"https:\/\/aquafixrenovate.fr\/wp-content\/uploads\/2025\/02\/osmose-renovation-suisse.jpg 800w, https:\/\/aquafixrenovate.fr\/wp-content\/uploads\/2025\/02\/osmose-renovation-suisse-300x225.jpg 300w, https:\/\/aquafixrenovate.fr\/wp-content\/uploads\/2025\/02\/osmose-renovation-suisse-768x576.jpg 768w\" sizes=\"(max-width: 800px) 100vw, 800px\" \/>\t\t\t\t\t\t\t\t\t\t\t\t\t\t\t<\/div>\n\t\t\t\t<\/div>\n\t\t\t\t<\/div>\n\t\t<div class=\"elementor-element elementor-element-1bb9677 e-con-full e-flex e-con e-child\" data-id=\"1bb9677\" data-element_type=\"container\">\n\t\t\t\t<div class=\"elementor-element elementor-element-fed8479 elementor-widget elementor-widget-text-editor\" data-id=\"fed8479\" data-element_type=\"widget\" data-widget_type=\"text-editor.default\">\n\t\t\t\t<div class=\"elementor-widget-container\">\n\t\t\t\t\t\t\t\t\t<h3><strong>\u00a0<\/strong><\/h3><h3>\u00a0<\/h3><h3><strong><span class=\"BxUVEf ILfuVd\" lang=\"fr\"><span class=\"hgKElc\">L&#8217;osmose est un ph\u00e9nom\u00e8ne chimique qui entraine l&#8217;apparition de cloque inesth\u00e9tiques dans le rev\u00eatement de votre piscine. Si il n&#8217;est pas trait\u00e9, il s\u2019aggrave avec le temps et peut compromettre l&#8217;\u00e9tanch\u00e9it\u00e9 de votre piscine.<\/span><\/span><\/strong><\/h3><h2><strong><span class=\"JCzEY tNxQIb\"><span class=\"CSkcDe\">Comment traiter l&#8217;osmose sur une piscine ?<\/span><\/span><\/strong><\/h2><p><strong><span class=\"ILfuVd\" lang=\"fr\"><span class=\"hgKElc\">Vider la piscine : La premi\u00e8re \u00e9tape consiste \u00e0 vider enti\u00e8rement le bassin et \u00e0 attendre qu&#8217;il soit compl\u00e9tement sec. <span class=\"BxUVEf ILfuVd\" lang=\"fr\">\u26a0<\/span> suivre les \u00e9tapes comment vidanger ma piscine <span class=\"BxUVEf ILfuVd\" lang=\"fr\">\u26a0<\/span><br \/><\/span><\/span><\/strong><\/p><p><strong>Pr\u00e9parer la surface: il est essentiel de poncer la zone touch\u00e9e pour \u00e9liminer les poches. Notre \u00e9quipe vous recommande d&#8217;appliquer une nouvelle couche de fibre afin de garantir l\u2019\u00e9tanch\u00e9it\u00e9 et d&#8217;appliquer ensuite le gelcoat.<\/strong><\/p>\t\t\t\t\t\t\t\t<\/div>\n\t\t\t\t<\/div>\n\t\t\t\t<\/div>\n\t\t\t\t<\/div>\n\t\t<div class=\"elementor-element elementor-element-4402fca e-flex e-con-boxed e-con e-parent\" data-id=\"4402fca\" data-element_type=\"container\">\n\t\t\t\t\t<div class=\"e-con-inner\">\n\t\t<div class=\"elementor-element elementor-element-fdc5b8e e-con-full e-flex e-con e-child\" data-id=\"fdc5b8e\" data-element_type=\"container\">\n\t\t\t\t<div class=\"elementor-element elementor-element-3a500ca elementor-widget elementor-widget-text-editor\" data-id=\"3a500ca\" data-element_type=\"widget\" data-widget_type=\"text-editor.default\">\n\t\t\t\t<div class=\"elementor-widget-container\">\n\t\t\t\t\t\t\t\t\t<p><strong>L&#8217;apparition de fissures et cheveux est un ph\u00e9nom\u00e8ne courant. Selon l&#8217;emplacement de\u00a0 votre piscine, des mouvements de terrain ou la pr\u00e9sence de racines souterraines peuvent fragiliser la structure.<\/strong><\/p><p><strong>Pourquoi faire une intervention ?\u00a0<\/strong><\/p><p><strong>Avec le temps, l&#8217;eau peut p\u00e9n\u00e9trer dans les fissures et rendre la fibre poreuse. cela peut entrainer des d\u00e9gradations importantes au fur et \u00e0 mesure des ann\u00e9es.<\/strong><\/p><p><strong>il est donc primordial de traiter rapidement les zones concern\u00e9es avant que votre piscine perde en \u00e9tanch\u00e9it\u00e9. <br \/><\/strong><\/p><p><strong>Notre \u00e9quipe vous conseille de fibrer avant de refaire le gelcoat sur les l&#8217;endroit cibl\u00e9s.<\/strong><\/p>\t\t\t\t\t\t\t\t<\/div>\n\t\t\t\t<\/div>\n\t\t\t\t<\/div>\n\t\t<div class=\"elementor-element elementor-element-67c64d7 e-con-full e-flex e-con e-child\" data-id=\"67c64d7\" data-element_type=\"container\">\n\t\t\t\t<div class=\"elementor-element elementor-element-d4e43d5 elementor-widget elementor-widget-heading\" data-id=\"d4e43d5\" data-element_type=\"widget\" data-widget_type=\"heading.default\">\n\t\t\t\t<div class=\"elementor-widget-container\">\n\t\t\t\t\t<h2 class=\"elementor-heading-title elementor-size-default\">        Cheveux ou fissure apparente ?<\/h2>\t\t\t\t<\/div>\n\t\t\t\t<\/div>\n\t\t\t\t<div class=\"elementor-element elementor-element-10d623e elementor-widget elementor-widget-image\" data-id=\"10d623e\" data-element_type=\"widget\" data-widget_type=\"image.default\">\n\t\t\t\t<div class=\"elementor-widget-container\">\n\t\t\t\t\t\t\t\t\t\t\t\t\t\t\t<img decoding=\"async\" width=\"280\" height=\"182\" src=\"https:\/\/aquafixrenovate.fr\/wp-content\/uploads\/2025\/02\/gelcoat-mini2-280x182-1.jpg\" class=\"attachment-large size-large wp-image-126\" alt=\"\" \/>\t\t\t\t\t\t\t\t\t\t\t\t\t\t\t<\/div>\n\t\t\t\t<\/div>\n\t\t\t\t<\/div>\n\t\t\t\t\t<\/div>\n\t\t\t\t<\/div>\n\t\t<div class=\"elementor-element elementor-element-c0a572e e-con-full e-flex e-con e-parent\" data-id=\"c0a572e\" data-element_type=\"container\">\n\t\t<div class=\"elementor-element elementor-element-46a3ac2 e-con-full e-flex e-con e-child\" data-id=\"46a3ac2\" data-element_type=\"container\">\n\t\t\t\t<div class=\"elementor-element elementor-element-aec1bae elementor-widget elementor-widget-heading\" data-id=\"aec1bae\" data-element_type=\"widget\" data-widget_type=\"heading.default\">\n\t\t\t\t<div class=\"elementor-widget-container\">\n\t\t\t\t\t<h2 class=\"elementor-heading-title elementor-size-default\">R\u00e9fection du gel-coat<\/h2>\t\t\t\t<\/div>\n\t\t\t\t<\/div>\n\t\t\t\t<div class=\"elementor-element elementor-element-d4d0179 elementor-widget elementor-widget-image\" data-id=\"d4d0179\" data-element_type=\"widget\" data-widget_type=\"image.default\">\n\t\t\t\t<div class=\"elementor-widget-container\">\n\t\t\t\t\t\t\t\t\t\t\t\t\t\t\t<img loading=\"lazy\" decoding=\"async\" width=\"576\" height=\"1024\" src=\"https:\/\/aquafixrenovate.fr\/wp-content\/uploads\/2025\/02\/bl-576x1024.jpg\" class=\"attachment-large size-large wp-image-12\" alt=\"\" srcset=\"https:\/\/aquafixrenovate.fr\/wp-content\/uploads\/2025\/02\/bl-576x1024.jpg 576w, https:\/\/aquafixrenovate.fr\/wp-content\/uploads\/2025\/02\/bl-169x300.jpg 169w, https:\/\/aquafixrenovate.fr\/wp-content\/uploads\/2025\/02\/bl-768x1365.jpg 768w, https:\/\/aquafixrenovate.fr\/wp-content\/uploads\/2025\/02\/bl-864x1536.jpg 864w, https:\/\/aquafixrenovate.fr\/wp-content\/uploads\/2025\/02\/bl.jpg 1152w\" sizes=\"(max-width: 576px) 100vw, 576px\" \/>\t\t\t\t\t\t\t\t\t\t\t\t\t\t\t<\/div>\n\t\t\t\t<\/div>\n\t\t\t\t<\/div>\n\t\t<div class=\"elementor-element elementor-element-1b316cf e-con-full e-flex e-con e-child\" data-id=\"1b316cf\" data-element_type=\"container\">\n\t\t\t\t<div class=\"elementor-element elementor-element-184d96f elementor-widget elementor-widget-text-editor\" data-id=\"184d96f\" data-element_type=\"widget\" data-widget_type=\"text-editor.default\">\n\t\t\t\t<div class=\"elementor-widget-container\">\n\t\t\t\t\t\t\t\t\t<h2>\u00a0<\/h2><h2>\u00a0<\/h2><h2 class=\"titre_h2\"><strong>Quand r\u00e9nover le gel-coat d&#8217;une piscine\u00a0?<\/strong><\/h2><p><strong>La r\u00e9fection d&#8217;un gel-coat de piscine s&#8217;effectue en moyenne tous les 15 ans. toutefois, selon la fr\u00e9quence d&#8217;utilisation du\u00a0 bassin et la qualit\u00e9\u00a0 de son entretien cette\u00a0 dur\u00e9e\u00a0 peut varier entre 10 ans ou 20 ans.<\/strong><\/p><h4><strong>Les signes d&#8217;usure du gel-coat de piscine sont vari\u00e9s et n\u00e9cessitent une intervention plus ou moins urgente selon leur gravit\u00e9:<\/strong><br \/><strong><span style=\"text-decoration: underline;\">La perte de couleur et de brillance<\/span> : Ce ph\u00e9nom\u00e8ne naturel est principalement caus\u00e9 par l&#8217;exposition au UV. Un mauvais \u00e9quilibre du pH de l&#8217;eau peux \u00e9galement en \u00eatre responsable. Bien que cela affecte l&#8217;esth\u00e9tique de la piscine, cela n&#8217;a aucun impact sur son \u00e9tanch\u00e9it\u00e9. <\/strong><\/h4><p><strong><span style=\"text-decoration: underline;\">Farinage:<\/span> Lorsque le gelcoat s\u2019effrite, cela traduit une d\u00e9gradation due au temps, peu dangereux, se signe d&#8217;usure indique qu&#8217;une r\u00e9novation sera bient\u00f4t n\u00e9cessaire.<\/strong><span style=\"text-decoration: underline;\"><br \/><\/span><\/p><p><strong>Comment r\u00e9nover le gel-coat ?<\/strong><\/p><p><strong>Notre \u00e9quipe vous conseille de suivre ces \u00e9tapes pour une r\u00e9fection compl\u00e8te du gel-coat.<\/strong><\/p><ul><li>Vider enti\u00e8rement la piscine.<\/li><li>Poncer et d\u00e9caper la coque a l&#8217;ac\u00e9tone.<\/li><li>Reboucher les asp\u00e9rit\u00e9s \u00e9ventuelles avec du mastic.<\/li><li>Appliquer une premi\u00e8re couche de gel-coat.<\/li><li>Puis une seconde avec le un barrier coat pour un rendu optimal.<\/li><\/ul><p>La r\u00e9novation compl\u00e8te du gel-coat qui peut prendre plusieurs jours selon la taille du bassin, doit id\u00e9alement \u00eatre r\u00e9alis\u00e9e par un professionnel pour garantir un r\u00e9sultat durable et de qualit\u00e9.<\/p>\t\t\t\t\t\t\t\t<\/div>\n\t\t\t\t<\/div>\n\t\t\t\t<\/div>\n\t\t\t\t<\/div>\n\t\t<div class=\"elementor-element elementor-element-d1b8bb9 e-flex e-con-boxed e-con e-parent\" data-id=\"d1b8bb9\" data-element_type=\"container\">\n\t\t\t\t\t<div class=\"e-con-inner\">\n\t\t\t\t<div class=\"elementor-element elementor-element-4a2e15d elementor-widget elementor-widget-shortcode\" data-id=\"4a2e15d\" data-element_type=\"widget\" data-widget_type=\"shortcode.default\">\n\t\t\t\t<div class=\"elementor-widget-container\">\n\t\t\t\t\t\t\t<div class=\"elementor-shortcode\"><style>#wprev-slider-1 .wprev_preview_bradius_T1 {border-radius: 0px;}#wprev-slider-1 .wprev_preview_bg1_T1::after{ border-top: 30px solid ; }<\/style><style><\/style><div class=\"wprev-slider revnotsameheight\" id=\"wprev-slider-1\" data-revsameheight=\"no\" data-onemobil=\"\" data-sliderautoplay=\"\"  data-slidespeed=\"1\" data-slideautodelay=\"5\" data-sliderhideprevnext=\"\" data-sliderhidedots=\"\" data-sliderfixedheight=\"\"><ul><li>\t\t<div class=\"wprevpro_t1_outer_div w3_wprs-row-padding\">\r\n\t\t\t\t<div class=\"wprevpro_t1_DIV_1 w3_wprs-col l3\">\r\n\t\t\t<div class=\"indrevdiv wprevpro_t1_DIV_2 wprev_preview_bg1_T1 wprev_preview_tcolor1_T1 wprev_preview_bradius_T1\">\r\n\t\t\t\t<p class=\"wprevpro_t1_P_3 wprev_preview_tcolor1_T1\">\r\n\t\t\t\t\t<span class=\"wprevpro_star_imgs_T1\"><span class=\"starloc1 wprevpro_star_imgs wprevpro_star_imgsloc1\"><span class=\"svgicons svg-wprsp-star\"><\/span><span class=\"svgicons svg-wprsp-star\"><\/span><span class=\"svgicons svg-wprsp-star\"><\/span><span class=\"svgicons svg-wprsp-star\"><\/span><span class=\"svgicons svg-wprsp-star\"><\/span><\/span><\/span><span class=\"verifiedloc1 wprevpro_verified_svg wprevtooltip\" data-wprevtooltip=\"Verified on Google\"><span class=\"svgicons svg-wprsp-verified\"><\/span><\/span>Le meilleur dans son domaine!\t\t\t\t<\/p>\r\n\t\t\t\t\t\t\t\t<img decoding=\"async\" src=\"https:\/\/aquafixrenovate.fr\/wp-content\/plugins\/wp-google-places-review-slider\/public\/partials\/imgs\/google_small_icon.png\" alt=\"Google Logo\" class=\"wprevpro_t1_site_logo siteicon sitetype_Google\">\t\t\t<\/div><span class=\"wprevpro_t1_A_8\"><img decoding=\"async\" src=\"https:\/\/lh3.googleusercontent.com\/a-\/ALV-UjUPgcNXEkSZJKweOS_FB0UELMGdXlvkbYY8foH4dKe3Kxd3Pug=s120-c-rp-mo-br100\" alt=\"Martin Leroy Avatar\" class=\"wprevpro_t1_IMG_4\" loading=\"lazy\" \/><\/span> <span class=\"wprevpro_t1_SPAN_5 wprev_preview_tcolor2_T1\">Martin Leroy<br\/><span class=\"wprev_showdate_T1\">12 February 2025<\/span> <\/span>\r\n\t\t<\/div>\r\n\t\t\t<div class=\"wprevpro_t1_DIV_1 w3_wprs-col l3\">\r\n\t\t\t<div class=\"indrevdiv wprevpro_t1_DIV_2 wprev_preview_bg1_T1 wprev_preview_tcolor1_T1 wprev_preview_bradius_T1\">\r\n\t\t\t\t<p class=\"wprevpro_t1_P_3 wprev_preview_tcolor1_T1\">\r\n\t\t\t\t\t<span class=\"wprevpro_star_imgs_T1\"><span class=\"starloc1 wprevpro_star_imgs wprevpro_star_imgsloc1\"><span class=\"svgicons svg-wprsp-star\"><\/span><span class=\"svgicons svg-wprsp-star\"><\/span><span class=\"svgicons svg-wprsp-star\"><\/span><span class=\"svgicons svg-wprsp-star\"><\/span><span class=\"svgicons svg-wprsp-star\"><\/span><\/span><\/span><span class=\"verifiedloc1 wprevpro_verified_svg wprevtooltip\" data-wprevtooltip=\"Verified on Google\"><span class=\"svgicons svg-wprsp-verified\"><\/span><\/span>Le meilleur pour l'entretient et la r\u00e9novations des piscines!\t\t\t\t<\/p>\r\n\t\t\t\t\t\t\t\t<img decoding=\"async\" src=\"https:\/\/aquafixrenovate.fr\/wp-content\/plugins\/wp-google-places-review-slider\/public\/partials\/imgs\/google_small_icon.png\" alt=\"Google Logo\" class=\"wprevpro_t1_site_logo siteicon sitetype_Google\">\t\t\t<\/div><span class=\"wprevpro_t1_A_8\"><img decoding=\"async\" src=\"https:\/\/lh3.googleusercontent.com\/a-\/ALV-UjXsw5wtPvyJ47Rbq8nMbshhPCCzZ0QrQ-7cBN2qMmnFuxYnJbU=s120-c-rp-mo-br100\" alt=\"Omie Avatar\" class=\"wprevpro_t1_IMG_4\" loading=\"lazy\" \/><\/span> <span class=\"wprevpro_t1_SPAN_5 wprev_preview_tcolor2_T1\">Omie<br\/><span class=\"wprev_showdate_T1\">12 February 2025<\/span> <\/span>\r\n\t\t<\/div>\r\n\t\t<\/div>\r\n<\/li><\/ul><\/div>\r\n<\/div>\n\t\t\t\t\t\t<\/div>\n\t\t\t\t<\/div>\n\t\t\t\t\t<\/div>\n\t\t\t\t<\/div>\n\t\t\t\t<\/div>\n\t\t","protected":false},"excerpt":{"rendered":"<p>AQUAFIX RENOVATE \u00a0Donnez une seconde vie \u00e0 votre piscine ! Aquafix Renovate vous propose ses services de R\u00e9paration \u2013 R\u00e9novation \u2013 Entretien. Plus de 10 ans d\u2019exp\u00e9rience. L&#8217;OSMOSE \u00a0 \u00a0 L&#8217;osmose est un ph\u00e9nom\u00e8ne chimique qui entraine l&#8217;apparition de cloque inesth\u00e9tiques dans le rev\u00eatement de votre piscine. Si il n&#8217;est pas trait\u00e9, il s\u2019aggrave avec [&hellip;]<\/p>\n","protected":false},"author":1,"featured_media":0,"parent":0,"menu_order":0,"comment_status":"closed","ping_status":"closed","template":"","meta":{"footnotes":""},"class_list":["post-123","page","type-page","status-publish","hentry","entry"],"yoast_head":"<!-- This site is optimized with the Yoast SEO plugin v25.3 - https:\/\/yoast.com\/wordpress\/plugins\/seo\/ -->\n<title>Accueil - aquafixrenovate.fr<\/title>\n<meta name=\"description\" content=\"Vous souhaitez entretenir votre piscine, la r\u00e9nover ou bien effectuer des r\u00e9parations. faite confiance a Aquafix Renovate. plus de 10 d&#039;experience\" \/>\n<meta name=\"robots\" content=\"index, follow, max-snippet:-1, max-image-preview:large, max-video-preview:-1\" \/>\n<link rel=\"canonical\" href=\"https:\/\/aquafixrenovate.fr\/\" \/>\n<meta property=\"og:locale\" content=\"en_US\" \/>\n<meta property=\"og:type\" content=\"article\" \/>\n<meta property=\"og:title\" content=\"Accueil - aquafixrenovate.fr\" \/>\n<meta property=\"og:description\" content=\"Vous souhaitez entretenir votre piscine, la r\u00e9nover ou bien effectuer des r\u00e9parations. faite confiance a Aquafix Renovate. plus de 10 d&#039;experience\" \/>\n<meta property=\"og:url\" content=\"https:\/\/aquafixrenovate.fr\/\" \/>\n<meta property=\"og:site_name\" content=\"aquafixrenovate.fr\" \/>\n<meta property=\"article:modified_time\" content=\"2025-02-14T19:20:33+00:00\" \/>\n<meta property=\"og:image\" content=\"https:\/\/aquafixrenovate.fr\/wp-content\/uploads\/2025\/02\/f.jpg\" \/>\n\t<meta property=\"og:image:width\" content=\"1024\" \/>\n\t<meta property=\"og:image:height\" content=\"576\" \/>\n\t<meta property=\"og:image:type\" content=\"image\/jpeg\" \/>\n<meta name=\"twitter:card\" content=\"summary_large_image\" \/>\n<meta name=\"twitter:label1\" content=\"Est. reading time\" \/>\n\t<meta name=\"twitter:data1\" content=\"4 minutes\" \/>\n<script type=\"application\/ld+json\" class=\"yoast-schema-graph\">{\"@context\":\"https:\/\/schema.org\",\"@graph\":[{\"@type\":\"WebPage\",\"@id\":\"https:\/\/aquafixrenovate.fr\/\",\"url\":\"https:\/\/aquafixrenovate.fr\/\",\"name\":\"Accueil - aquafixrenovate.fr\",\"isPartOf\":{\"@id\":\"https:\/\/aquafixrenovate.fr\/#website\"},\"primaryImageOfPage\":{\"@id\":\"https:\/\/aquafixrenovate.fr\/#primaryimage\"},\"image\":{\"@id\":\"https:\/\/aquafixrenovate.fr\/#primaryimage\"},\"thumbnailUrl\":\"http:\/\/aquafixrenovate.fr\/wp-content\/uploads\/2025\/02\/f.jpg\",\"datePublished\":\"2025-02-13T18:37:02+00:00\",\"dateModified\":\"2025-02-14T19:20:33+00:00\",\"description\":\"Vous souhaitez entretenir votre piscine, la r\u00e9nover ou bien effectuer des r\u00e9parations. faite confiance a Aquafix Renovate. plus de 10 d'experience\",\"breadcrumb\":{\"@id\":\"https:\/\/aquafixrenovate.fr\/#breadcrumb\"},\"inLanguage\":\"en-US\",\"potentialAction\":[{\"@type\":\"ReadAction\",\"target\":[\"https:\/\/aquafixrenovate.fr\/\"]}]},{\"@type\":\"ImageObject\",\"inLanguage\":\"en-US\",\"@id\":\"https:\/\/aquafixrenovate.fr\/#primaryimage\",\"url\":\"https:\/\/aquafixrenovate.fr\/wp-content\/uploads\/2025\/02\/f.jpg\",\"contentUrl\":\"https:\/\/aquafixrenovate.fr\/wp-content\/uploads\/2025\/02\/f.jpg\",\"width\":1024,\"height\":576},{\"@type\":\"BreadcrumbList\",\"@id\":\"https:\/\/aquafixrenovate.fr\/#breadcrumb\",\"itemListElement\":[{\"@type\":\"ListItem\",\"position\":1,\"name\":\"Accueil\",\"item\":\"https:\/\/aquafixrenovate.fr\/\"},{\"@type\":\"ListItem\",\"position\":2,\"name\":\"Accueil\"}]},{\"@type\":\"WebSite\",\"@id\":\"https:\/\/aquafixrenovate.fr\/#website\",\"url\":\"https:\/\/aquafixrenovate.fr\/\",\"name\":\"aquafixrenovate.fr\",\"description\":\" Donnez une seconde vie \u00e0 votre piscine!\",\"publisher\":{\"@id\":\"https:\/\/aquafixrenovate.fr\/#organization\"},\"potentialAction\":[{\"@type\":\"SearchAction\",\"target\":{\"@type\":\"EntryPoint\",\"urlTemplate\":\"https:\/\/aquafixrenovate.fr\/?s={search_term_string}\"},\"query-input\":{\"@type\":\"PropertyValueSpecification\",\"valueRequired\":true,\"valueName\":\"search_term_string\"}}],\"inLanguage\":\"en-US\"},{\"@type\":\"Organization\",\"@id\":\"https:\/\/aquafixrenovate.fr\/#organization\",\"name\":\"aquafixrenovate.fr\",\"url\":\"https:\/\/aquafixrenovate.fr\/\",\"logo\":{\"@type\":\"ImageObject\",\"inLanguage\":\"en-US\",\"@id\":\"https:\/\/aquafixrenovate.fr\/#\/schema\/logo\/image\/\",\"url\":\"https:\/\/aquafixrenovate.fr\/wp-content\/uploads\/2025\/02\/cropped-AQUAFIX-color.png\",\"contentUrl\":\"https:\/\/aquafixrenovate.fr\/wp-content\/uploads\/2025\/02\/cropped-AQUAFIX-color.png\",\"width\":283,\"height\":283,\"caption\":\"aquafixrenovate.fr\"},\"image\":{\"@id\":\"https:\/\/aquafixrenovate.fr\/#\/schema\/logo\/image\/\"}}]}<\/script>\n<!-- \/ Yoast SEO plugin. -->","yoast_head_json":{"title":"Accueil - aquafixrenovate.fr","description":"Vous souhaitez entretenir votre piscine, la r\u00e9nover ou bien effectuer des r\u00e9parations. faite confiance a Aquafix Renovate. plus de 10 d'experience","robots":{"index":"index","follow":"follow","max-snippet":"max-snippet:-1","max-image-preview":"max-image-preview:large","max-video-preview":"max-video-preview:-1"},"canonical":"https:\/\/aquafixrenovate.fr\/","og_locale":"en_US","og_type":"article","og_title":"Accueil - aquafixrenovate.fr","og_description":"Vous souhaitez entretenir votre piscine, la r\u00e9nover ou bien effectuer des r\u00e9parations. faite confiance a Aquafix Renovate. plus de 10 d'experience","og_url":"https:\/\/aquafixrenovate.fr\/","og_site_name":"aquafixrenovate.fr","article_modified_time":"2025-02-14T19:20:33+00:00","og_image":[{"width":1024,"height":576,"url":"https:\/\/aquafixrenovate.fr\/wp-content\/uploads\/2025\/02\/f.jpg","type":"image\/jpeg"}],"twitter_card":"summary_large_image","twitter_misc":{"Est. reading time":"4 minutes"},"schema":{"@context":"https:\/\/schema.org","@graph":[{"@type":"WebPage","@id":"https:\/\/aquafixrenovate.fr\/","url":"https:\/\/aquafixrenovate.fr\/","name":"Accueil - aquafixrenovate.fr","isPartOf":{"@id":"https:\/\/aquafixrenovate.fr\/#website"},"primaryImageOfPage":{"@id":"https:\/\/aquafixrenovate.fr\/#primaryimage"},"image":{"@id":"https:\/\/aquafixrenovate.fr\/#primaryimage"},"thumbnailUrl":"http:\/\/aquafixrenovate.fr\/wp-content\/uploads\/2025\/02\/f.jpg","datePublished":"2025-02-13T18:37:02+00:00","dateModified":"2025-02-14T19:20:33+00:00","description":"Vous souhaitez entretenir votre piscine, la r\u00e9nover ou bien effectuer des r\u00e9parations. faite confiance a Aquafix Renovate. plus de 10 d'experience","breadcrumb":{"@id":"https:\/\/aquafixrenovate.fr\/#breadcrumb"},"inLanguage":"en-US","potentialAction":[{"@type":"ReadAction","target":["https:\/\/aquafixrenovate.fr\/"]}]},{"@type":"ImageObject","inLanguage":"en-US","@id":"https:\/\/aquafixrenovate.fr\/#primaryimage","url":"https:\/\/aquafixrenovate.fr\/wp-content\/uploads\/2025\/02\/f.jpg","contentUrl":"https:\/\/aquafixrenovate.fr\/wp-content\/uploads\/2025\/02\/f.jpg","width":1024,"height":576},{"@type":"BreadcrumbList","@id":"https:\/\/aquafixrenovate.fr\/#breadcrumb","itemListElement":[{"@type":"ListItem","position":1,"name":"Accueil","item":"https:\/\/aquafixrenovate.fr\/"},{"@type":"ListItem","position":2,"name":"Accueil"}]},{"@type":"WebSite","@id":"https:\/\/aquafixrenovate.fr\/#website","url":"https:\/\/aquafixrenovate.fr\/","name":"aquafixrenovate.fr","description":" Donnez une seconde vie \u00e0 votre piscine!","publisher":{"@id":"https:\/\/aquafixrenovate.fr\/#organization"},"potentialAction":[{"@type":"SearchAction","target":{"@type":"EntryPoint","urlTemplate":"https:\/\/aquafixrenovate.fr\/?s={search_term_string}"},"query-input":{"@type":"PropertyValueSpecification","valueRequired":true,"valueName":"search_term_string"}}],"inLanguage":"en-US"},{"@type":"Organization","@id":"https:\/\/aquafixrenovate.fr\/#organization","name":"aquafixrenovate.fr","url":"https:\/\/aquafixrenovate.fr\/","logo":{"@type":"ImageObject","inLanguage":"en-US","@id":"https:\/\/aquafixrenovate.fr\/#\/schema\/logo\/image\/","url":"https:\/\/aquafixrenovate.fr\/wp-content\/uploads\/2025\/02\/cropped-AQUAFIX-color.png","contentUrl":"https:\/\/aquafixrenovate.fr\/wp-content\/uploads\/2025\/02\/cropped-AQUAFIX-color.png","width":283,"height":283,"caption":"aquafixrenovate.fr"},"image":{"@id":"https:\/\/aquafixrenovate.fr\/#\/schema\/logo\/image\/"}}]}},"_links":{"self":[{"href":"https:\/\/aquafixrenovate.fr\/index.php\/wp-json\/wp\/v2\/pages\/123","targetHints":{"allow":["GET"]}}],"collection":[{"href":"https:\/\/aquafixrenovate.fr\/index.php\/wp-json\/wp\/v2\/pages"}],"about":[{"href":"https:\/\/aquafixrenovate.fr\/index.php\/wp-json\/wp\/v2\/types\/page"}],"author":[{"embeddable":true,"href":"https:\/\/aquafixrenovate.fr\/index.php\/wp-json\/wp\/v2\/users\/1"}],"replies":[{"embeddable":true,"href":"https:\/\/aquafixrenovate.fr\/index.php\/wp-json\/wp\/v2\/comments?post=123"}],"version-history":[{"count":50,"href":"https:\/\/aquafixrenovate.fr\/index.php\/wp-json\/wp\/v2\/pages\/123\/revisions"}],"predecessor-version":[{"id":186,"href":"https:\/\/aquafixrenovate.fr\/index.php\/wp-json\/wp\/v2\/pages\/123\/revisions\/186"}],"wp:attachment":[{"href":"https:\/\/aquafixrenovate.fr\/index.php\/wp-json\/wp\/v2\/media?parent=123"}],"curies":[{"name":"wp","href":"https:\/\/api.w.org\/{rel}","templated":true}]}}