{"id":108,"date":"2025-02-13T00:39:27","date_gmt":"2025-02-12T23:39:27","guid":{"rendered":"https:\/\/aquafixrenovate.fr\/?page_id=108"},"modified":"2025-02-13T00:50:19","modified_gmt":"2025-02-12T23:50:19","slug":"entretien","status":"publish","type":"page","link":"https:\/\/aquafixrenovate.fr\/index.php\/entretien\/","title":{"rendered":"Entretien"},"content":{"rendered":"\t\t<div data-elementor-type=\"wp-page\" data-elementor-id=\"108\" class=\"elementor elementor-108\">\n\t\t\t\t<div class=\"elementor-element elementor-element-e2578c6 e-flex e-con-boxed e-con e-parent\" data-id=\"e2578c6\" data-element_type=\"container\">\n\t\t\t\t\t<div class=\"e-con-inner\">\n\t\t\t\t<div class=\"elementor-element elementor-element-e4ceaf6 elementor-widget elementor-widget-heading\" data-id=\"e4ceaf6\" data-element_type=\"widget\" data-widget_type=\"heading.default\">\n\t\t\t\t<div class=\"elementor-widget-container\">\n\t\t\t\t\t<h2 class=\"elementor-heading-title elementor-size-default\">Nos conseil pour entretenir votre piscine <\/h2>\t\t\t\t<\/div>\n\t\t\t\t<\/div>\n\t\t\t\t<div class=\"elementor-element elementor-element-665a499 elementor-widget elementor-widget-image\" data-id=\"665a499\" data-element_type=\"widget\" data-widget_type=\"image.default\">\n\t\t\t\t<div class=\"elementor-widget-container\">\n\t\t\t\t\t\t\t\t\t\t\t\t\t\t\t<img fetchpriority=\"high\" decoding=\"async\" width=\"275\" height=\"183\" src=\"https:\/\/aquafixrenovate.fr\/wp-content\/uploads\/2025\/02\/eeeeeee.jpg\" class=\"attachment-1536x1536 size-1536x1536 wp-image-111\" alt=\"\" \/>\t\t\t\t\t\t\t\t\t\t\t\t\t\t\t<\/div>\n\t\t\t\t<\/div>\n\t\t\t\t<div class=\"elementor-element elementor-element-0166b59 elementor-widget elementor-widget-text-editor\" data-id=\"0166b59\" data-element_type=\"widget\" data-widget_type=\"text-editor.default\">\n\t\t\t\t<div class=\"elementor-widget-container\">\n\t\t\t\t\t\t\t\t\t<div class=\"et_pb_module et_pb_text et_pb_text_5 et_pb_text_align_left et_pb_bg_layout_light\"><div class=\"et_pb_text_inner\"><div class=\"et_pb_module et_pb_text et_pb_text_1 et_pb_text_align_left et_pb_bg_layout_light\"><div class=\"et_pb_text_inner\"><p>L\u2019entretien de la piscine est primordiale pour avoir une eau propre, saine. Pour profiter au mieux de vos heures de baignade voici les points importants.<\/p><p>L\u2019entretien de la piscine commence g\u00e9n\u00e9ralement par la remise en route en d\u00e9but de saison estivale, puis suivent les entretiens r\u00e9guliers au cours de l\u2019\u00e9t\u00e9 puis pour terminer l\u2019hivernage.<br \/>Vous pouvez prendre rendez-vous avec notre \u00e9quipe pour votre remise en route ou votre hivernage.<\/p><\/div><\/div><h1><strong><span style=\"text-decoration: underline;\">Les entretiens r\u00e9guliers<\/span><br \/><\/strong><\/h1><p>Une fois par semaine au moins, il vous faudra nettoyer les paniers des skimmers, puis le pr\u00e9filtre et enfin r\u00e9aliser un lavage et rin\u00e7age du filtre \u00e0 sable. Si vous poss\u00e9dez un filtre \u00e0 cartouche, un nettoyage une fois par an de la cartouche filtrante est normalement suffisant. Pensez \u00e0 ajuster le temps de filtration en fonction de la temp\u00e9rature de l\u2019eau.<\/p><div id=\"remiseEnRoute\" class=\"et_pb_row et_pb_row_1\"><div class=\"et_pb_column et_pb_column_4_4 et_pb_column_1 et_pb_css_mix_blend_mode_passthrough et-last-child\"><div class=\"et_pb_module et_pb_text et_pb_text_2 et_pb_text_align_left et_pb_bg_layout_light\"><div class=\"et_pb_text_inner\"><h1><span style=\"text-decoration: underline;\"><strong>Remise en route<\/strong><\/span><\/h1><\/div><\/div><div class=\"et_pb_module et_pb_text et_pb_text_3 et_pb_text_align_left et_pb_bg_layout_light\"><div class=\"et_pb_text_inner\"><p>\u00a0<strong>En quoi consiste la remise en route ?<\/strong><\/p><ul><li>Dans un premier temps il faut enlever la b\u00e2che\/ouvrir le volet<\/li><li>Si vous avez mis des \u00e9l\u00e9ments d\u2019hivernage tels que les flotteurs, gizmos ou bouchons pensez \u00e0 les enlever et remettre en place les paniers de skimmers par exemple<\/li><li>Passez un coup d\u2019\u00e9puisette pour enlever les salet\u00e9s \u00e0 la surface, vous pouvez passez l\u2019\u00e9puisette adapt\u00e9e pour enlever les plus gros d\u00e9bris qui se sont d\u00e9pos\u00e9s au fond de la piscine<\/li><li>Ajustez le niveau d\u2019eau de la piscine, ouvrez bien les vannes et mettez la filtration en route tout en v\u00e9rifiant son bon fonctionnement<\/li><li>Passez l\u2019aspirateur balai pour \u00e9liminer les derni\u00e8res salet\u00e9s<\/li><li>Faire un lavage de filtre et bien nettoyer le pr\u00e9filtre\/panier de la pompe<\/li><li>R\u00e9ajuster le niveau d\u2019eau<\/li><li>Si vous poss\u00e9dez des traitements automatiques, il faut \u00e9talonner les diverses sondes<\/li><li>R\u00e9glez le temps de filtration en fonction de la temp\u00e9rature de l\u2019eau<\/li><li>En derni\u00e8re \u00e9tape faire la chimie et l\u2019\u00e9quilibre de l\u2019eau pour avoir une eau propre et saine.<\/li><\/ul><div id=\"hivernage\" class=\"et_pb_row et_pb_row_3\"><div class=\"et_pb_column et_pb_column_4_4 et_pb_column_3  et_pb_css_mix_blend_mode_passthrough et-last-child\"><div class=\"et_pb_module et_pb_text et_pb_text_6  et_pb_text_align_left et_pb_bg_layout_light\"><div class=\"et_pb_text_inner\"><h1><span style=\"text-decoration: underline;\"><strong>Hivernage<\/strong><\/span><\/h1><\/div><\/div><div class=\"et_pb_module et_pb_text et_pb_text_7  et_pb_text_align_left et_pb_bg_layout_light\"><div class=\"et_pb_text_inner\"><p><strong>Quelles sont les \u00e9tapes de l\u2019hivernage ?<\/strong><\/p><ul><li>Dans un premier temps il faut nettoyer la piscine : pour cela nous conseillons de passer l\u2019\u00e9puisette, enlever les impuret\u00e9s des paniers des skimmers, passer l\u2019aspirateur balai sur le fond et les parois de la piscine<\/li><li>Nettoyer le pr\u00e9filtre et le filtre \u00e0 sable<\/li><li>R\u00e9aliser une chloration choc puis mettre le produit d\u2019hivernage<\/li><li>R\u00e9gler ou arr\u00eater la filtration en fonction du type d\u2019hivernage choisi (actif ou passif)<\/li><li>Pour terminer il faudra fermer la piscine avec la b\u00e2che ou le volet.<\/li><li>Nous d\u00e9conseillons le vidage de votre piscine <\/li><\/ul><\/div><\/div><\/div><\/div><\/div><\/div><\/div><\/div><\/div><\/div><div>\u00a0<\/div>\t\t\t\t\t\t\t\t<\/div>\n\t\t\t\t<\/div>\n\t\t\t\t\t<\/div>\n\t\t\t\t<\/div>\n\t\t\t\t<\/div>\n\t\t","protected":false},"excerpt":{"rendered":"<p>Nos conseil pour entretenir votre piscine L\u2019entretien de la piscine est primordiale pour avoir une eau propre, saine. Pour profiter au mieux de vos heures de baignade voici les points importants. L\u2019entretien de la piscine commence g\u00e9n\u00e9ralement par la remise en route en d\u00e9but de saison estivale, puis suivent les entretiens r\u00e9guliers au cours de [&hellip;]<\/p>\n","protected":false},"author":1,"featured_media":0,"parent":0,"menu_order":0,"comment_status":"closed","ping_status":"closed","template":"","meta":{"footnotes":""},"class_list":["post-108","page","type-page","status-publish","hentry","entry"],"yoast_head":"<!-- This site is optimized with the Yoast SEO plugin v25.3 - https:\/\/yoast.com\/wordpress\/plugins\/seo\/ -->\n<title>Entretien - aquafixrenovate.fr<\/title>\n<meta name=\"robots\" content=\"index, follow, max-snippet:-1, max-image-preview:large, max-video-preview:-1\" \/>\n<link rel=\"canonical\" href=\"https:\/\/aquafixrenovate.fr\/index.php\/entretien\/\" \/>\n<meta property=\"og:locale\" content=\"en_US\" \/>\n<meta property=\"og:type\" content=\"article\" \/>\n<meta property=\"og:title\" content=\"Entretien - aquafixrenovate.fr\" \/>\n<meta property=\"og:description\" content=\"Nos conseil pour entretenir votre piscine L\u2019entretien de la piscine est primordiale pour avoir une eau propre, saine. Pour profiter au mieux de vos heures de baignade voici les points importants. L\u2019entretien de la piscine commence g\u00e9n\u00e9ralement par la remise en route en d\u00e9but de saison estivale, puis suivent les entretiens r\u00e9guliers au cours de [&hellip;]\" \/>\n<meta property=\"og:url\" content=\"https:\/\/aquafixrenovate.fr\/index.php\/entretien\/\" \/>\n<meta property=\"og:site_name\" content=\"aquafixrenovate.fr\" \/>\n<meta property=\"article:modified_time\" content=\"2025-02-12T23:50:19+00:00\" \/>\n<meta property=\"og:image\" content=\"https:\/\/aquafixrenovate.fr\/wp-content\/uploads\/2025\/02\/eeeeeee.jpg\" \/>\n\t<meta property=\"og:image:width\" content=\"275\" \/>\n\t<meta property=\"og:image:height\" content=\"183\" \/>\n\t<meta property=\"og:image:type\" content=\"image\/jpeg\" \/>\n<meta name=\"twitter:card\" content=\"summary_large_image\" \/>\n<meta name=\"twitter:label1\" content=\"Est. reading time\" \/>\n\t<meta name=\"twitter:data1\" content=\"3 minutes\" \/>\n<script type=\"application\/ld+json\" class=\"yoast-schema-graph\">{\"@context\":\"https:\/\/schema.org\",\"@graph\":[{\"@type\":\"WebPage\",\"@id\":\"https:\/\/aquafixrenovate.fr\/index.php\/entretien\/\",\"url\":\"https:\/\/aquafixrenovate.fr\/index.php\/entretien\/\",\"name\":\"Entretien - aquafixrenovate.fr\",\"isPartOf\":{\"@id\":\"https:\/\/aquafixrenovate.fr\/#website\"},\"primaryImageOfPage\":{\"@id\":\"https:\/\/aquafixrenovate.fr\/index.php\/entretien\/#primaryimage\"},\"image\":{\"@id\":\"https:\/\/aquafixrenovate.fr\/index.php\/entretien\/#primaryimage\"},\"thumbnailUrl\":\"http:\/\/aquafixrenovate.fr\/wp-content\/uploads\/2025\/02\/eeeeeee.jpg\",\"datePublished\":\"2025-02-12T23:39:27+00:00\",\"dateModified\":\"2025-02-12T23:50:19+00:00\",\"breadcrumb\":{\"@id\":\"https:\/\/aquafixrenovate.fr\/index.php\/entretien\/#breadcrumb\"},\"inLanguage\":\"en-US\",\"potentialAction\":[{\"@type\":\"ReadAction\",\"target\":[\"https:\/\/aquafixrenovate.fr\/index.php\/entretien\/\"]}]},{\"@type\":\"ImageObject\",\"inLanguage\":\"en-US\",\"@id\":\"https:\/\/aquafixrenovate.fr\/index.php\/entretien\/#primaryimage\",\"url\":\"https:\/\/aquafixrenovate.fr\/wp-content\/uploads\/2025\/02\/eeeeeee.jpg\",\"contentUrl\":\"https:\/\/aquafixrenovate.fr\/wp-content\/uploads\/2025\/02\/eeeeeee.jpg\",\"width\":275,\"height\":183},{\"@type\":\"BreadcrumbList\",\"@id\":\"https:\/\/aquafixrenovate.fr\/index.php\/entretien\/#breadcrumb\",\"itemListElement\":[{\"@type\":\"ListItem\",\"position\":1,\"name\":\"Accueil\",\"item\":\"https:\/\/aquafixrenovate.fr\/\"},{\"@type\":\"ListItem\",\"position\":2,\"name\":\"Entretien\"}]},{\"@type\":\"WebSite\",\"@id\":\"https:\/\/aquafixrenovate.fr\/#website\",\"url\":\"https:\/\/aquafixrenovate.fr\/\",\"name\":\"aquafixrenovate.fr\",\"description\":\" Donnez une seconde vie \u00e0 votre piscine!\",\"publisher\":{\"@id\":\"https:\/\/aquafixrenovate.fr\/#organization\"},\"potentialAction\":[{\"@type\":\"SearchAction\",\"target\":{\"@type\":\"EntryPoint\",\"urlTemplate\":\"https:\/\/aquafixrenovate.fr\/?s={search_term_string}\"},\"query-input\":{\"@type\":\"PropertyValueSpecification\",\"valueRequired\":true,\"valueName\":\"search_term_string\"}}],\"inLanguage\":\"en-US\"},{\"@type\":\"Organization\",\"@id\":\"https:\/\/aquafixrenovate.fr\/#organization\",\"name\":\"aquafixrenovate.fr\",\"url\":\"https:\/\/aquafixrenovate.fr\/\",\"logo\":{\"@type\":\"ImageObject\",\"inLanguage\":\"en-US\",\"@id\":\"https:\/\/aquafixrenovate.fr\/#\/schema\/logo\/image\/\",\"url\":\"https:\/\/aquafixrenovate.fr\/wp-content\/uploads\/2025\/02\/cropped-AQUAFIX-color.png\",\"contentUrl\":\"https:\/\/aquafixrenovate.fr\/wp-content\/uploads\/2025\/02\/cropped-AQUAFIX-color.png\",\"width\":283,\"height\":283,\"caption\":\"aquafixrenovate.fr\"},\"image\":{\"@id\":\"https:\/\/aquafixrenovate.fr\/#\/schema\/logo\/image\/\"}}]}<\/script>\n<!-- \/ Yoast SEO plugin. -->","yoast_head_json":{"title":"Entretien - aquafixrenovate.fr","robots":{"index":"index","follow":"follow","max-snippet":"max-snippet:-1","max-image-preview":"max-image-preview:large","max-video-preview":"max-video-preview:-1"},"canonical":"https:\/\/aquafixrenovate.fr\/index.php\/entretien\/","og_locale":"en_US","og_type":"article","og_title":"Entretien - aquafixrenovate.fr","og_description":"Nos conseil pour entretenir votre piscine L\u2019entretien de la piscine est primordiale pour avoir une eau propre, saine. Pour profiter au mieux de vos heures de baignade voici les points importants. L\u2019entretien de la piscine commence g\u00e9n\u00e9ralement par la remise en route en d\u00e9but de saison estivale, puis suivent les entretiens r\u00e9guliers au cours de [&hellip;]","og_url":"https:\/\/aquafixrenovate.fr\/index.php\/entretien\/","og_site_name":"aquafixrenovate.fr","article_modified_time":"2025-02-12T23:50:19+00:00","og_image":[{"width":275,"height":183,"url":"https:\/\/aquafixrenovate.fr\/wp-content\/uploads\/2025\/02\/eeeeeee.jpg","type":"image\/jpeg"}],"twitter_card":"summary_large_image","twitter_misc":{"Est. reading time":"3 minutes"},"schema":{"@context":"https:\/\/schema.org","@graph":[{"@type":"WebPage","@id":"https:\/\/aquafixrenovate.fr\/index.php\/entretien\/","url":"https:\/\/aquafixrenovate.fr\/index.php\/entretien\/","name":"Entretien - aquafixrenovate.fr","isPartOf":{"@id":"https:\/\/aquafixrenovate.fr\/#website"},"primaryImageOfPage":{"@id":"https:\/\/aquafixrenovate.fr\/index.php\/entretien\/#primaryimage"},"image":{"@id":"https:\/\/aquafixrenovate.fr\/index.php\/entretien\/#primaryimage"},"thumbnailUrl":"http:\/\/aquafixrenovate.fr\/wp-content\/uploads\/2025\/02\/eeeeeee.jpg","datePublished":"2025-02-12T23:39:27+00:00","dateModified":"2025-02-12T23:50:19+00:00","breadcrumb":{"@id":"https:\/\/aquafixrenovate.fr\/index.php\/entretien\/#breadcrumb"},"inLanguage":"en-US","potentialAction":[{"@type":"ReadAction","target":["https:\/\/aquafixrenovate.fr\/index.php\/entretien\/"]}]},{"@type":"ImageObject","inLanguage":"en-US","@id":"https:\/\/aquafixrenovate.fr\/index.php\/entretien\/#primaryimage","url":"https:\/\/aquafixrenovate.fr\/wp-content\/uploads\/2025\/02\/eeeeeee.jpg","contentUrl":"https:\/\/aquafixrenovate.fr\/wp-content\/uploads\/2025\/02\/eeeeeee.jpg","width":275,"height":183},{"@type":"BreadcrumbList","@id":"https:\/\/aquafixrenovate.fr\/index.php\/entretien\/#breadcrumb","itemListElement":[{"@type":"ListItem","position":1,"name":"Accueil","item":"https:\/\/aquafixrenovate.fr\/"},{"@type":"ListItem","position":2,"name":"Entretien"}]},{"@type":"WebSite","@id":"https:\/\/aquafixrenovate.fr\/#website","url":"https:\/\/aquafixrenovate.fr\/","name":"aquafixrenovate.fr","description":" Donnez une seconde vie \u00e0 votre piscine!","publisher":{"@id":"https:\/\/aquafixrenovate.fr\/#organization"},"potentialAction":[{"@type":"SearchAction","target":{"@type":"EntryPoint","urlTemplate":"https:\/\/aquafixrenovate.fr\/?s={search_term_string}"},"query-input":{"@type":"PropertyValueSpecification","valueRequired":true,"valueName":"search_term_string"}}],"inLanguage":"en-US"},{"@type":"Organization","@id":"https:\/\/aquafixrenovate.fr\/#organization","name":"aquafixrenovate.fr","url":"https:\/\/aquafixrenovate.fr\/","logo":{"@type":"ImageObject","inLanguage":"en-US","@id":"https:\/\/aquafixrenovate.fr\/#\/schema\/logo\/image\/","url":"https:\/\/aquafixrenovate.fr\/wp-content\/uploads\/2025\/02\/cropped-AQUAFIX-color.png","contentUrl":"https:\/\/aquafixrenovate.fr\/wp-content\/uploads\/2025\/02\/cropped-AQUAFIX-color.png","width":283,"height":283,"caption":"aquafixrenovate.fr"},"image":{"@id":"https:\/\/aquafixrenovate.fr\/#\/schema\/logo\/image\/"}}]}},"_links":{"self":[{"href":"https:\/\/aquafixrenovate.fr\/index.php\/wp-json\/wp\/v2\/pages\/108","targetHints":{"allow":["GET"]}}],"collection":[{"href":"https:\/\/aquafixrenovate.fr\/index.php\/wp-json\/wp\/v2\/pages"}],"about":[{"href":"https:\/\/aquafixrenovate.fr\/index.php\/wp-json\/wp\/v2\/types\/page"}],"author":[{"embeddable":true,"href":"https:\/\/aquafixrenovate.fr\/index.php\/wp-json\/wp\/v2\/users\/1"}],"replies":[{"embeddable":true,"href":"https:\/\/aquafixrenovate.fr\/index.php\/wp-json\/wp\/v2\/comments?post=108"}],"version-history":[{"count":7,"href":"https:\/\/aquafixrenovate.fr\/index.php\/wp-json\/wp\/v2\/pages\/108\/revisions"}],"predecessor-version":[{"id":118,"href":"https:\/\/aquafixrenovate.fr\/index.php\/wp-json\/wp\/v2\/pages\/108\/revisions\/118"}],"wp:attachment":[{"href":"https:\/\/aquafixrenovate.fr\/index.php\/wp-json\/wp\/v2\/media?parent=108"}],"curies":[{"name":"wp","href":"https:\/\/api.w.org\/{rel}","templated":true}]}}